{"id":14,"date":"2024-03-21T13:47:31","date_gmt":"2024-03-21T13:47:31","guid":{"rendered":"http:\/\/embodiedagility.de\/?page_id=14"},"modified":"2024-05-28T13:24:01","modified_gmt":"2024-05-28T13:24:01","slug":"de-uber-mich","status":"publish","type":"page","link":"https:\/\/embodiedagility.de\/de\/de-home\/de-uber-mich\/","title":{"rendered":"Wer ich bin"},"content":{"rendered":"\n<p>Als zertifizierte&nbsp;Systemische Change Managerin und Agiler Coach&nbsp;integriere ich einen breiten Wissensschatz in meine Arbeit mit Teams und F\u00fchrungskr\u00e4ften.&nbsp;Als Scrum Master und Design Thinker kann ich diesen New Work Mindset auch praktisch anwenden.<\/p>\n\n\n\n<p>In \u00fcber 20 Jahren meiner Arbeit als&nbsp;freie Choreografin&nbsp;habe ich zudem eine St\u00e4rke daf\u00fcr entwickelt, multidisziplin\u00e4re Gruppen durch komplexe Projekte zu f\u00fchren. In dieser Kunstform arbeitet man unter Zeitdruck, mit st\u00e4ndig wechselnden Parametern und Herausforderungen. Es ist ein Arbeitsfeld, in dem Agilit\u00e4t als Bedingung f\u00fcr produktives Arbeiten l\u00e4ngst Alltag ist.<\/p>\n\n\n\n<p>In meiner bisherigen beruflichen Laufbahn im Kulturbereich habe ich zus\u00e4tzlich zur k\u00fcnstlerischen Arbeit in verschiedenen Positionen F\u00fchrungserfahrung gesammelt und einige Change Prozesse initiiert oder begleitet.<\/p>\n\n\n\n<p>Zus\u00e4tzlich zu den kreativ-k\u00fcnstlerischen Methoden bringe ich meine umfangreiche Erfahrung als Tanzk\u00fcnstlerin und Managerin im Kultursektor in diese Arbeit ein und vermittele \u00fcber ein breites Spektrum von Disziplinen und Organisationen hinweg. Ich moderiere in den Bereichen Stadtplanung, Kultur und anderen interdisziplin\u00e4ren Settings. Im Kern meiner Arbeit liegt ein tiefes Vertrauen in die Kunst der Improvisation als die wirksamste Praxis f\u00fcr transformatives Handeln.<\/p>\n\n\n\n<figure class=\"wp-block-image aligncenter size-medium wp-duotone-grayscale\"><img fetchpriority=\"high\" decoding=\"async\" width=\"300\" height=\"225\" src=\"https:\/\/embodiedagility.de\/wp-content\/uploads\/2024\/03\/photo_2024-03-17_20-11-23-300x225.jpg\" alt=\"\" class=\"wp-image-50\" srcset=\"https:\/\/embodiedagility.de\/wp-content\/uploads\/2024\/03\/photo_2024-03-17_20-11-23-300x225.jpg 300w, https:\/\/embodiedagility.de\/wp-content\/uploads\/2024\/03\/photo_2024-03-17_20-11-23-1024x768.jpg 1024w, https:\/\/embodiedagility.de\/wp-content\/uploads\/2024\/03\/photo_2024-03-17_20-11-23-768x576.jpg 768w, https:\/\/embodiedagility.de\/wp-content\/uploads\/2024\/03\/photo_2024-03-17_20-11-23.jpg 1280w\" sizes=\"(max-width: 300px) 100vw, 300px\" \/><\/figure>\n\n\n\n<h2 class=\"wp-block-heading has-text-color has-link-color wp-elements-91656cd8f1040288c7a0cb286f592d8a\" style=\"color:#20b3a0\">Was mir wichtig ist<\/h2>\n\n\n\n<p>Kreativit\u00e4t&nbsp;bedeutet f\u00fcr mich, in alle Richtungen zu denken. Aufbauend auf zwei Jahrzehnten k\u00fcnstlerischer und p\u00e4dagogischer Arbeit, habe ich eine Form von <a href=\"http:\/\/embodiedagility.de\/de-embodied-agility-team-flow\/\">Teamtrainings<\/a> entwickelt, die in den K\u00f6rper und auf die Wahrnehmung fokussiert, die Neugier und Imagination trainiert. Vor allem f\u00fcr Teams, in denen es Widerst\u00e4nde gibt, \u00fcber die schon viel gesprochen wurde, kann dieser somatische Zugang \u00fcber den K\u00f6rper wundersame Entwicklungen ausl\u00f6sen.<\/p>\n\n\n\n<h2 class=\"wp-block-heading has-text-color has-link-color wp-elements-e8d88ef174c05dbeaa0b154f751cdb80\" style=\"color:#20b3a0\">Weiterbildungen und Zertifizierungen<\/h2>\n\n\n\n<ul>\n<li>Systemischer Change Manager | 2022 | <a href=\"https:\/\/vftc.de\">VCT Zertifizierte Weiterbildung<\/a><\/li>\n\n\n\n<li>Scrum Master (CSM) | 2020\/22 | Zertifikat <a href=\"https:\/\/www.scrumalliance.org\/\" data-type=\"link\" data-id=\"https:\/\/www.scrumalliance.org\/\">Scrum Aliance<\/a><\/li>\n\n\n\n<li>Team Coaching &amp;Upwording | Juni 2022 | <a href=\"https:\/\/www.rivcarubin.com\" data-type=\"link\" data-id=\"https:\/\/www.rivcarubin.com\">Rivca Rubin<\/a> <\/li>\n\n\n\n<li>Diversit\u00e4t &amp; Inklusion : Trainings-und Fortbildungen | 2021-2022 |<a href=\"https:\/\/www.ztberlin.de\/\" data-type=\"link\" data-id=\"https:\/\/www.ztberlin.de\/\"> ZTB e.V.<\/a><\/li>\n\n\n\n<li>Theory U | 2019 | <a href=\"https:\/\/presencinginstitute.org\" data-type=\"link\" data-id=\"https:\/\/presencinginstitute.org\">Presencing Institute<\/a><\/li>\n\n\n\n<li>Design Thinking | 2014 | <a href=\"https:\/\/hpi-academy.de\" data-type=\"link\" data-id=\"https:\/\/hpi-academy.de\">d-school HPI Potsdam<\/a><\/li>\n<\/ul>\n\n\n\n<div class=\"wpcf7 no-js\" id=\"wpcf7-f44-o1\" lang=\"de-DE\" dir=\"ltr\">\n<div class=\"screen-reader-response\"><p role=\"status\" aria-live=\"polite\" aria-atomic=\"true\"><\/p> <ul><\/ul><\/div>\n<form action=\"\/de\/de-home\/wp-json\/wp\/v2\/pages\/14#wpcf7-f44-o1\" method=\"post\" class=\"wpcf7-form init\" aria-label=\"Kontaktformular\" novalidate=\"novalidate\" data-status=\"init\">\n<div style=\"display: none;\">\n<input type=\"hidden\" name=\"_wpcf7\" value=\"44\" \/>\n<input type=\"hidden\" name=\"_wpcf7_version\" value=\"5.9.8\" \/>\n<input type=\"hidden\" name=\"_wpcf7_locale\" value=\"de_DE\" \/>\n<input type=\"hidden\" name=\"_wpcf7_unit_tag\" value=\"wpcf7-f44-o1\" \/>\n<input type=\"hidden\" name=\"_wpcf7_container_post\" value=\"0\" \/>\n<input type=\"hidden\" name=\"_wpcf7_posted_data_hash\" value=\"\" \/>\n<\/div>\n<p><label> Ihr Name<br \/>\n<span class=\"wpcf7-form-control-wrap\" data-name=\"your-name\"><input size=\"40\" maxlength=\"400\" class=\"wpcf7-form-control wpcf7-text wpcf7-validates-as-required\" autocomplete=\"name\" aria-required=\"true\" aria-invalid=\"false\" value=\"\" type=\"text\" name=\"your-name\" \/><\/span> <\/label>\n<\/p>\n<p><label> Ihre E-Mail-Adresse<br \/>\n<span class=\"wpcf7-form-control-wrap\" data-name=\"your-email\"><input size=\"40\" maxlength=\"400\" class=\"wpcf7-form-control wpcf7-email wpcf7-validates-as-required wpcf7-text wpcf7-validates-as-email\" autocomplete=\"email\" aria-required=\"true\" aria-invalid=\"false\" value=\"\" type=\"email\" name=\"your-email\" \/><\/span> <\/label>\n<\/p>\n<p><label> Betreff<br \/>\n<span class=\"wpcf7-form-control-wrap\" data-name=\"your-subject\"><input size=\"40\" maxlength=\"400\" class=\"wpcf7-form-control wpcf7-text\" aria-invalid=\"false\" value=\"\" type=\"text\" name=\"your-subject\" \/><\/span> <\/label>\n<\/p>\n<p><label> Ihre Nachricht<br \/>\n<span class=\"wpcf7-form-control-wrap\" data-name=\"your-message\"><textarea cols=\"40\" rows=\"10\" maxlength=\"2000\" class=\"wpcf7-form-control wpcf7-textarea\" aria-invalid=\"false\" name=\"your-message\"><\/textarea><\/span> <\/label>\n<\/p>\n<p><input class=\"wpcf7-form-control wpcf7-submit has-spinner\" type=\"submit\" value=\"Senden\" \/>\n<\/p><div class=\"wpcf7-response-output\" aria-hidden=\"true\"><\/div>\n<\/form>\n<\/div>\n\n\n\n\n<hr class=\"wp-block-separator has-text-color has-alpha-channel-opacity has-background\" style=\"background-color:#ec2e27;color:#ec2e27\"\/>\n\n\n<div class=\"glsr glsr-default\" id=\"glsr_acd6f107\" data-from=\"block\" data-shortcode=\"site_reviews\" data-assigned_terms=\"22\" data-hide=\"title,date,avatar\"><div class=\"glsr-reviews-wrap\">\n    <div class=\"glsr-reviews\">\n        <div class=\"glsr-review\" data-type=\"local\" id=\"review-289\" data-assigned='{\"assigned_terms\":[22]}'>\n    \n    <div class=\"glsr-review-rating\"><div class=\"glsr-star-rating glsr-stars\" role=\"img\" aria-label=\"Rated 5 out of 5 stars\" data-rating=\"5\" data-reviews=\"0\"><span class=\"glsr-star glsr-star-full\" aria-hidden=\"true\"><\/span><span class=\"glsr-star glsr-star-full\" aria-hidden=\"true\"><\/span><span class=\"glsr-star glsr-star-full\" aria-hidden=\"true\"><\/span><span class=\"glsr-star glsr-star-full\" aria-hidden=\"true\"><\/span><span class=\"glsr-star glsr-star-full\" aria-hidden=\"true\"><\/span><\/div><\/div> \n    \n    <div class=\"glsr-review-content\"><div class=\"glsr-tag-value\" data-expanded=\"false\"><p class=\"glsr-hidden-text\" data-show-less=\"Weniger anzeigen\" data-show-more=\"Mehr anzeigen\" data-trigger=\"modal\">Gabriele begleitet unsere Institution schon eine Weile in einem langfristigen Change Prozess, gleichzeitig coacht sie sowohl das Team als auch einzelne Mitarbeitende kurzfristig zu spezifischen Projekten, Konflikten oder Fragestellungen. Sie schafft es, sehr unterschiedliche Charaktere und das Miteinander zu begreifen, alle Beteiligten einzubeziehen, tiefes Vertrauen aufzubauen und Reflektionen anzusto\u00dfen. Dabei versteht sie komplexe Zusammenh\u00e4nge und<span class=\"glsr-hidden\"> ineinandergreifende Prozesse sehr schnell, bringt diese zudem immer wieder auf den Punkt und verliert das Ziel nicht aus den Augen.<\/span><\/p>\n<p class=\"glsr-hidden\">Mit ihrem Humor, ihrer Klarheit und ihrer hohen Empathief\u00e4higkeit gelingt es ihr, auch in herausfordernden Situationen einen Raum der Sicherheit und m\u00f6glichen Weiterentwicklung zu kreieren und zu halten. Sie bezieht spannende Methoden des Agile Coachings, Design Thinkings und der K\u00f6rperarbeit ein, und reagiert gleichzeitig immer offen und flexibel auf alles, was im Prozess entsteht. Wir sind Gabriele sehr dankbar f\u00fcr die bereichernde und nachhaltige Zusammenarbeit!<\/p><\/div><\/div>\n     <div class=\"glsr-review-author\"><span class=\"glsr-tag-value\">Janina, People &#038; Culture Managerin, Tanzfabrik Berlin Kreuzberg<\/span><\/div> \n    \n<\/div>\n<div class=\"glsr-review\" data-type=\"local\" id=\"review-287\" data-assigned='{\"assigned_terms\":[22]}'>\n    \n    <div class=\"glsr-review-rating\"><div class=\"glsr-star-rating glsr-stars\" role=\"img\" aria-label=\"Rated 5 out of 5 stars\" data-rating=\"5\" data-reviews=\"0\"><span class=\"glsr-star glsr-star-full\" aria-hidden=\"true\"><\/span><span class=\"glsr-star glsr-star-full\" aria-hidden=\"true\"><\/span><span class=\"glsr-star glsr-star-full\" aria-hidden=\"true\"><\/span><span class=\"glsr-star glsr-star-full\" aria-hidden=\"true\"><\/span><span class=\"glsr-star glsr-star-full\" aria-hidden=\"true\"><\/span><\/div><\/div> \n    \n    <div class=\"glsr-review-content\"><div class=\"glsr-tag-value\" data-expanded=\"false\"><p>Gabrieles Workshop war gro\u00dfartig &#8211; ihre Kombination aus technischer Szenarienplanung und Performance-F\u00e4higkeiten hat mir geholfen, Zukunftsvisionen greifbarer und umsetzbarer zu machen. Super produktiv und locker zugleich &#8211; so m\u00fcssen Workshops sein!<\/p><\/div><\/div>\n     <div class=\"glsr-review-author\"><span class=\"glsr-tag-value\">Teilenehmer beim \u201eFuture Narratives\u201c Workshop, Hertie Innovationskolleg Berlin<\/span><\/div> \n    \n<\/div>\n    <\/div>\n    \n<\/div><\/div>","protected":false},"excerpt":{"rendered":"<p>Als zertifizierte&nbsp;Systemische Change Managerin und Agiler Coach&nbsp;integriere ich einen breiten Wissensschatz in meine Arbeit mit Teams und F\u00fchrungskr\u00e4ften.&nbsp;Als Scrum Master und Design Thinker kann ich diesen New Work Mindset auch praktisch anwenden. In \u00fcber 20 Jahren meiner Arbeit als&nbsp;freie Choreografin&nbsp;habe ich zudem eine St\u00e4rke daf\u00fcr entwickelt, multidisziplin\u00e4re Gruppen durch komplexe Projekte zu f\u00fchren. In dieser [&hellip;]<\/p>\n","protected":false},"author":1,"featured_media":0,"parent":0,"menu_order":0,"comment_status":"closed","ping_status":"closed","template":"","meta":{"_glsr_average":0,"_glsr_ranking":0,"_glsr_reviews":0,"footnotes":""},"_links":{"self":[{"href":"https:\/\/embodiedagility.de\/de\/de-home\/wp-json\/wp\/v2\/pages\/14"}],"collection":[{"href":"https:\/\/embodiedagility.de\/de\/de-home\/wp-json\/wp\/v2\/pages"}],"about":[{"href":"https:\/\/embodiedagility.de\/de\/de-home\/wp-json\/wp\/v2\/types\/page"}],"author":[{"embeddable":true,"href":"https:\/\/embodiedagility.de\/de\/de-home\/wp-json\/wp\/v2\/users\/1"}],"replies":[{"embeddable":true,"href":"https:\/\/embodiedagility.de\/de\/de-home\/wp-json\/wp\/v2\/comments?post=14"}],"version-history":[{"count":15,"href":"https:\/\/embodiedagility.de\/de\/de-home\/wp-json\/wp\/v2\/pages\/14\/revisions"}],"predecessor-version":[{"id":371,"href":"https:\/\/embodiedagility.de\/de\/de-home\/wp-json\/wp\/v2\/pages\/14\/revisions\/371"}],"wp:attachment":[{"href":"https:\/\/embodiedagility.de\/de\/de-home\/wp-json\/wp\/v2\/media?parent=14"}],"curies":[{"name":"wp","href":"https:\/\/api.w.org\/{rel}","templated":true}]}}