{"id":16,"date":"2024-03-21T13:48:13","date_gmt":"2024-03-21T13:48:13","guid":{"rendered":"http:\/\/embodiedagility.de\/?page_id=16"},"modified":"2024-05-28T13:45:14","modified_gmt":"2024-05-28T13:45:14","slug":"de-was-ist-embodied-agility","status":"publish","type":"page","link":"https:\/\/embodiedagility.de\/de\/de-home\/de-was-ist-embodied-agility\/","title":{"rendered":"Was ich anbiete"},"content":{"rendered":"\n<h2 class=\"wp-block-heading has-text-color has-link-color wp-elements-cfc229c0c473d63a09d1c0a3eaaa5d1e\" style=\"color:#56bbad\">Was ist Embodied Agility?<\/h2>\n\n\n\n<figure class=\"wp-block-image size-large is-resized\"><img fetchpriority=\"high\" decoding=\"async\" width=\"1024\" height=\"1024\" src=\"https:\/\/embodiedagility.de\/wp-content\/uploads\/2024\/05\/embodiedagility_bySophieJahnke-1024x1024.jpeg\" alt=\"\" class=\"wp-image-372\" style=\"width:383px;height:auto\" srcset=\"https:\/\/embodiedagility.de\/wp-content\/uploads\/2024\/05\/embodiedagility_bySophieJahnke-1024x1024.jpeg 1024w, https:\/\/embodiedagility.de\/wp-content\/uploads\/2024\/05\/embodiedagility_bySophieJahnke-300x300.jpeg 300w, https:\/\/embodiedagility.de\/wp-content\/uploads\/2024\/05\/embodiedagility_bySophieJahnke-150x150.jpeg 150w, https:\/\/embodiedagility.de\/wp-content\/uploads\/2024\/05\/embodiedagility_bySophieJahnke-768x768.jpeg 768w, https:\/\/embodiedagility.de\/wp-content\/uploads\/2024\/05\/embodiedagility_bySophieJahnke-1536x1536.jpeg 1536w, https:\/\/embodiedagility.de\/wp-content\/uploads\/2024\/05\/embodiedagility_bySophieJahnke-2048x2048.jpeg 2048w\" sizes=\"(max-width: 1024px) 100vw, 1024px\" \/><\/figure>\n\n\n\n<p>Embodied Agility nutzt die Intelligenz des K\u00f6rpers, um Agilit\u00e4t erlebbar und erfahrbar zu machen. Es ist ein Form von Teamentwicklung, bei der Basis und Regelwerk choreografischer Arbeitsweisen und Methoden somatischer Bewegungsimprovisation direkt die Prinzipien des Agile Mindsets spiegeln und verst\u00e4rken. Beweglichkeit in Denken und Handeln wird hier ganz bewusst und \u00fcber den K\u00f6rper trainiert. Denn gute F\u00fchrung und Teamf\u00e4higkeit ist auch eine Frage der Haltung, und die kann trainiert werden. <\/p>\n\n\n\n<p><strong>Embodied Agility<\/strong> nutzt die Verbindung von Herausforderung und Spiel. Es werden neue gemeinsame Erfahrungen auf der non-verbalen Kommunikations- und Beziehungsebene geschaffen, analysiert und in bestehende Dynamiken integriert. Vertrauen innerhalb einer Gruppe kann so neu gefunden werden und ein tieferes, gesp\u00fcrtes <strong>Verst\u00e4ndnis von kollektiver St\u00e4rke <\/strong>entstehen. Erprobte Formate von praktischem reflexivem Lernen wirken dabei einer schon etablierten Fehlerkultur entgegen und erlauben f\u00fcr einen Moment wieder mit allen Sinnen genau zu beobachten und wahrzunehmen.<\/p>\n\n\n\n<p>Mit dem Systemischen Ansatz der <strong>Teamentwicklung<\/strong> wird dieses erlebte Wissen dann gemeinsam analysiert und zur\u00fcck in den Arbeitsalltag gespielt. Dabei wird der Fokus auf eine <strong>Diversit\u00e4tssensiblisierung<\/strong> der Gruppe gelegt, also die Wertsch\u00e4tzung und Inklusion der individuellen St\u00e4rken und Eigenschaften jedes Teammitglieds in die Identit\u00e4t des Teams. Ein weiterer Schwerpunkt ist das t\u00e4gliche Arbeitsklima, Kommunikations- und Entscheidungsmuster innerhalb der einzelnen Scrum Events.<\/p>\n\n\n\n<p>Das Team wird konkret und nachhaltig in Arbeitsfluss und Team Performance gest\u00e4rkt. F\u00fchrungsverhalten und Haltung entschl\u00fcsselt, Die Schl\u00fcsselbegriffe dieses Prozesses sind <strong>Vertrauen und Neugier<\/strong>.<\/p>\n\n\n\n<figure class=\"wp-block-image alignwide size-full\"><img decoding=\"async\" width=\"2560\" height=\"369\" src=\"https:\/\/embodiedagility.de\/wp-content\/uploads\/2024\/03\/TouInvPlakat_SJahnkeOhneBeschnitt_dl8-scaled.jpg\" alt=\"\" class=\"wp-image-128\" srcset=\"https:\/\/embodiedagility.de\/wp-content\/uploads\/2024\/03\/TouInvPlakat_SJahnkeOhneBeschnitt_dl8-scaled.jpg 2560w, https:\/\/embodiedagility.de\/wp-content\/uploads\/2024\/03\/TouInvPlakat_SJahnkeOhneBeschnitt_dl8-300x43.jpg 300w, https:\/\/embodiedagility.de\/wp-content\/uploads\/2024\/03\/TouInvPlakat_SJahnkeOhneBeschnitt_dl8-1024x148.jpg 1024w, https:\/\/embodiedagility.de\/wp-content\/uploads\/2024\/03\/TouInvPlakat_SJahnkeOhneBeschnitt_dl8-768x111.jpg 768w, https:\/\/embodiedagility.de\/wp-content\/uploads\/2024\/03\/TouInvPlakat_SJahnkeOhneBeschnitt_dl8-1536x221.jpg 1536w, https:\/\/embodiedagility.de\/wp-content\/uploads\/2024\/03\/TouInvPlakat_SJahnkeOhneBeschnitt_dl8-2048x295.jpg 2048w\" sizes=\"(max-width: 2560px) 100vw, 2560px\" \/><\/figure>\n\n\n\n<h1 class=\"wp-block-heading has-black-color has-text-color has-link-color wp-elements-bb18f6473da7f70814508974d935a487\">Trainings- und Workshopformate<\/h1>\n\n\n\n<h2 class=\"wp-block-heading has-text-color has-link-color wp-elements-93329ef5640c8723c1fecee624f9ce13\" style=\"color:#20b3a0\">Embodied Agility \u2013 Team Flow<\/h2>\n\n\n\n<p>Wie bleibe ich pr\u00e4sent und verbunden im Transformationsprozess?<\/p>\n\n\n\n<p>Ich unterst\u00fctze Agile Teams und F\u00fchrungskr\u00e4fte dabei, an kritischen Stellen von Transformationsprozessen die Aufmerksamkeit weg vom Kopf auf den K\u00f6rper zu richten. Ein Blick in das eigene K\u00f6rpersystem kann helfen, um Pr\u00e4senz und Verbundenheit zu finden, mit sich selbst und im Team. Durch kurzTrainings- und Workshopformatee Bewegungsimpulse und leicht zug\u00e4ngliche Wahrnehmungstrainings schaffen wir Vertrauen und werden wieder neugierig aufeinander. Bew\u00e4hrte Methoden aus der Improvisation erweitern unser Repertoire bei eingefahrenen Entscheidungs- und Handlungsmustern im Team. Das neu erlernte Wissen wird direkt in die Arbeitsabl\u00e4ufe des Alltags integriert. Dieser vermeintliche Umweg \u00fcber den K\u00f6rper ist oft der schnellste Weg (zur\u00fcck) zu einer ressourcenorientierten und effektiven Zusammenarbeit.<\/p>\n\n\n\n<h2 class=\"wp-block-heading has-text-color has-link-color wp-elements-76f42eb3579e30242251fb62d41fd085\" style=\"color:#20b3a0\">Empowering through Diversity &#8211; Team Performance<\/h2>\n\n\n\n<p>Agiles&nbsp;Arbeiten&nbsp;und Denken braucht&nbsp;multiple&nbsp;Perspektiven und F\u00e4higkeiten. Besonders erfolgreich werden Teams, wenn sie zus\u00e4tzlich zu ihren individuellen F\u00e4higkeiten von ihrer&nbsp;Diversit\u00e4t&nbsp;an Lebensentw\u00fcrfen und Erfahrungen profitieren, und diese <strong>Unterschiede wertsch\u00e4tzen, aushalten und zelebrieren<\/strong> k\u00f6nnen. Vertrauen zu finden, Bed\u00fcrfnisse zu formulieren, das eigene Arbeitsumfeld aktiv zu gestalten, schafft auch ein Vokabular und vertieft <strong>kritisches Wissen und Sensibilit\u00e4t f\u00fcr Diversit\u00e4tsthemen<\/strong> im weiteren Kontext. Dieses Trainingsprogramm ist daher ideal, um einen tiefgreifenden kulturellen Wandel des gesamten Unternehmens zu unterst\u00fctzen. Es beginnt mit einem praktischen Blick nach innen, direkt in die Teams.<\/p>\n\n\n\n<p class=\"has-text-align-center has-black-color has-text-color has-background has-link-color has-large-font-size wp-elements-b0613ddfc3539af951eaad6b0dfb04bb\" style=\"background-color:#56bbad\"><strong>Sind sie neugierig geworden? Kontaktieren sie mich gerne!<\/strong><\/p>\n\n\n\n<div class=\"wpcf7 no-js\" id=\"wpcf7-f44-o1\" lang=\"de-DE\" dir=\"ltr\">\n<div class=\"screen-reader-response\"><p role=\"status\" aria-live=\"polite\" aria-atomic=\"true\"><\/p> <ul><\/ul><\/div>\n<form action=\"\/de\/de-home\/wp-json\/wp\/v2\/pages\/16#wpcf7-f44-o1\" method=\"post\" class=\"wpcf7-form init\" aria-label=\"Kontaktformular\" novalidate=\"novalidate\" data-status=\"init\">\n<div style=\"display: none;\">\n<input type=\"hidden\" name=\"_wpcf7\" value=\"44\" \/>\n<input type=\"hidden\" name=\"_wpcf7_version\" value=\"5.9.8\" \/>\n<input type=\"hidden\" name=\"_wpcf7_locale\" value=\"de_DE\" \/>\n<input type=\"hidden\" name=\"_wpcf7_unit_tag\" value=\"wpcf7-f44-o1\" \/>\n<input type=\"hidden\" name=\"_wpcf7_container_post\" value=\"0\" \/>\n<input type=\"hidden\" name=\"_wpcf7_posted_data_hash\" value=\"\" \/>\n<\/div>\n<p><label> Ihr Name<br \/>\n<span class=\"wpcf7-form-control-wrap\" data-name=\"your-name\"><input size=\"40\" maxlength=\"400\" class=\"wpcf7-form-control wpcf7-text wpcf7-validates-as-required\" autocomplete=\"name\" aria-required=\"true\" aria-invalid=\"false\" value=\"\" type=\"text\" name=\"your-name\" \/><\/span> <\/label>\n<\/p>\n<p><label> Ihre E-Mail-Adresse<br \/>\n<span class=\"wpcf7-form-control-wrap\" data-name=\"your-email\"><input size=\"40\" maxlength=\"400\" class=\"wpcf7-form-control wpcf7-email wpcf7-validates-as-required wpcf7-text wpcf7-validates-as-email\" autocomplete=\"email\" aria-required=\"true\" aria-invalid=\"false\" value=\"\" type=\"email\" name=\"your-email\" \/><\/span> <\/label>\n<\/p>\n<p><label> Betreff<br \/>\n<span class=\"wpcf7-form-control-wrap\" data-name=\"your-subject\"><input size=\"40\" maxlength=\"400\" class=\"wpcf7-form-control wpcf7-text\" aria-invalid=\"false\" value=\"\" type=\"text\" name=\"your-subject\" \/><\/span> <\/label>\n<\/p>\n<p><label> Ihre Nachricht<br \/>\n<span class=\"wpcf7-form-control-wrap\" data-name=\"your-message\"><textarea cols=\"40\" rows=\"10\" maxlength=\"2000\" class=\"wpcf7-form-control wpcf7-textarea\" aria-invalid=\"false\" name=\"your-message\"><\/textarea><\/span> <\/label>\n<\/p>\n<p><input class=\"wpcf7-form-control wpcf7-submit has-spinner\" type=\"submit\" value=\"Senden\" \/>\n<\/p><div class=\"wpcf7-response-output\" aria-hidden=\"true\"><\/div>\n<\/form>\n<\/div>\n\n\n\n\n<hr class=\"wp-block-separator has-text-color has-alpha-channel-opacity has-background\" style=\"background-color:#ec2e27;color:#ec2e27\"\/>\n\n\n<div class=\"glsr glsr-default\" id=\"glsr_acd6f107\" data-from=\"block\" data-shortcode=\"site_reviews\" data-assigned_terms=\"22\" data-hide=\"title,date,avatar\"><div class=\"glsr-reviews-wrap\">\n    <div class=\"glsr-reviews\">\n        <div class=\"glsr-review\" data-type=\"local\" id=\"review-289\" data-assigned='{\"assigned_terms\":[22]}'>\n    \n    <div class=\"glsr-review-rating\"><div class=\"glsr-star-rating glsr-stars\" role=\"img\" aria-label=\"Rated 5 out of 5 stars\" data-rating=\"5\" data-reviews=\"0\"><span class=\"glsr-star glsr-star-full\" aria-hidden=\"true\"><\/span><span class=\"glsr-star glsr-star-full\" aria-hidden=\"true\"><\/span><span class=\"glsr-star glsr-star-full\" aria-hidden=\"true\"><\/span><span class=\"glsr-star glsr-star-full\" aria-hidden=\"true\"><\/span><span class=\"glsr-star glsr-star-full\" aria-hidden=\"true\"><\/span><\/div><\/div> \n    \n    <div class=\"glsr-review-content\"><div class=\"glsr-tag-value\" data-expanded=\"false\"><p class=\"glsr-hidden-text\" data-show-less=\"Weniger anzeigen\" data-show-more=\"Mehr anzeigen\" data-trigger=\"modal\">Gabriele begleitet unsere Institution schon eine Weile in einem langfristigen Change Prozess, gleichzeitig coacht sie sowohl das Team als auch einzelne Mitarbeitende kurzfristig zu spezifischen Projekten, Konflikten oder Fragestellungen. Sie schafft es, sehr unterschiedliche Charaktere und das Miteinander zu begreifen, alle Beteiligten einzubeziehen, tiefes Vertrauen aufzubauen und Reflektionen anzusto\u00dfen. Dabei versteht sie komplexe Zusammenh\u00e4nge und<span class=\"glsr-hidden\"> ineinandergreifende Prozesse sehr schnell, bringt diese zudem immer wieder auf den Punkt und verliert das Ziel nicht aus den Augen.<\/span><\/p>\n<p class=\"glsr-hidden\">Mit ihrem Humor, ihrer Klarheit und ihrer hohen Empathief\u00e4higkeit gelingt es ihr, auch in herausfordernden Situationen einen Raum der Sicherheit und m\u00f6glichen Weiterentwicklung zu kreieren und zu halten. Sie bezieht spannende Methoden des Agile Coachings, Design Thinkings und der K\u00f6rperarbeit ein, und reagiert gleichzeitig immer offen und flexibel auf alles, was im Prozess entsteht. Wir sind Gabriele sehr dankbar f\u00fcr die bereichernde und nachhaltige Zusammenarbeit!<\/p><\/div><\/div>\n     <div class=\"glsr-review-author\"><span class=\"glsr-tag-value\">Janina, People &#038; Culture Managerin, Tanzfabrik Berlin Kreuzberg<\/span><\/div> \n    \n<\/div>\n<div class=\"glsr-review\" data-type=\"local\" id=\"review-287\" data-assigned='{\"assigned_terms\":[22]}'>\n    \n    <div class=\"glsr-review-rating\"><div class=\"glsr-star-rating glsr-stars\" role=\"img\" aria-label=\"Rated 5 out of 5 stars\" data-rating=\"5\" data-reviews=\"0\"><span class=\"glsr-star glsr-star-full\" aria-hidden=\"true\"><\/span><span class=\"glsr-star glsr-star-full\" aria-hidden=\"true\"><\/span><span class=\"glsr-star glsr-star-full\" aria-hidden=\"true\"><\/span><span class=\"glsr-star glsr-star-full\" aria-hidden=\"true\"><\/span><span class=\"glsr-star glsr-star-full\" aria-hidden=\"true\"><\/span><\/div><\/div> \n    \n    <div class=\"glsr-review-content\"><div class=\"glsr-tag-value\" data-expanded=\"false\"><p>Gabrieles Workshop war gro\u00dfartig &#8211; ihre Kombination aus technischer Szenarienplanung und Performance-F\u00e4higkeiten hat mir geholfen, Zukunftsvisionen greifbarer und umsetzbarer zu machen. Super produktiv und locker zugleich &#8211; so m\u00fcssen Workshops sein!<\/p><\/div><\/div>\n     <div class=\"glsr-review-author\"><span class=\"glsr-tag-value\">Teilenehmer beim \u201eFuture Narratives\u201c Workshop, Hertie Innovationskolleg Berlin<\/span><\/div> \n    \n<\/div>\n    <\/div>\n    \n<\/div><\/div>","protected":false},"excerpt":{"rendered":"<p>Was ist Embodied Agility? Embodied Agility nutzt die Intelligenz des K\u00f6rpers, um Agilit\u00e4t erlebbar und erfahrbar zu machen. Es ist ein Form von Teamentwicklung, bei der Basis und Regelwerk choreografischer Arbeitsweisen und Methoden somatischer Bewegungsimprovisation direkt die Prinzipien des Agile Mindsets spiegeln und verst\u00e4rken. Beweglichkeit in Denken und Handeln wird hier ganz bewusst und \u00fcber [&hellip;]<\/p>\n","protected":false},"author":1,"featured_media":0,"parent":0,"menu_order":0,"comment_status":"closed","ping_status":"closed","template":"","meta":{"_glsr_average":0,"_glsr_ranking":0,"_glsr_reviews":0,"footnotes":""},"_links":{"self":[{"href":"https:\/\/embodiedagility.de\/de\/de-home\/wp-json\/wp\/v2\/pages\/16"}],"collection":[{"href":"https:\/\/embodiedagility.de\/de\/de-home\/wp-json\/wp\/v2\/pages"}],"about":[{"href":"https:\/\/embodiedagility.de\/de\/de-home\/wp-json\/wp\/v2\/types\/page"}],"author":[{"embeddable":true,"href":"https:\/\/embodiedagility.de\/de\/de-home\/wp-json\/wp\/v2\/users\/1"}],"replies":[{"embeddable":true,"href":"https:\/\/embodiedagility.de\/de\/de-home\/wp-json\/wp\/v2\/comments?post=16"}],"version-history":[{"count":28,"href":"https:\/\/embodiedagility.de\/de\/de-home\/wp-json\/wp\/v2\/pages\/16\/revisions"}],"predecessor-version":[{"id":381,"href":"https:\/\/embodiedagility.de\/de\/de-home\/wp-json\/wp\/v2\/pages\/16\/revisions\/381"}],"wp:attachment":[{"href":"https:\/\/embodiedagility.de\/de\/de-home\/wp-json\/wp\/v2\/media?parent=16"}],"curies":[{"name":"wp","href":"https:\/\/api.w.org\/{rel}","templated":true}]}}